{"id":29046,"date":"2021-07-28T12:09:04","date_gmt":"2021-07-28T10:09:04","guid":{"rendered":"https:\/\/geostudio.ch\/?page_id=29046"},"modified":"2023-08-09T11:13:46","modified_gmt":"2023-08-09T09:13:46","slug":"le-nostre-pubblicazioni-2","status":"publish","type":"page","link":"https:\/\/geostudio.ch\/en\/home\/le-nostre-pubblicazioni-2\/","title":{"rendered":"Our publications"},"content":{"rendered":"<div data-elementor-type=\"wp-page\" data-elementor-id=\"29046\" class=\"elementor elementor-29046\">\n\t\t\t\t\t\t<section class=\"elementor-section elementor-top-section elementor-element elementor-element-7914ba54 elementor-section-boxed elementor-section-height-default elementor-section-height-default\" data-id=\"7914ba54\" data-element_type=\"section\">\n\t\t\t\t\t\t<div class=\"elementor-container elementor-column-gap-default\">\n\t\t\t\t\t<div class=\"elementor-column elementor-col-100 elementor-top-column elementor-element elementor-element-19548d95\" data-id=\"19548d95\" data-element_type=\"column\">\n\t\t\t<div class=\"elementor-widget-wrap elementor-element-populated\">\n\t\t\t\t\t\t<div class=\"elementor-element elementor-element-8de773f elementor-widget elementor-widget-text-editor\" data-id=\"8de773f\" data-element_type=\"widget\" data-widget_type=\"text-editor.default\">\n\t\t\t\t<div class=\"elementor-widget-container\">\n\t\t\t\t\t\t\t<p><!-- wp:paragraph {\"fontSize\":\"medium\"} --><\/p>\n<p class=\"has-medium-font-size\"><strong>Books<\/strong><\/p>\n<p><!-- \/wp:paragraph --><\/p>\n<p><!-- wp:paragraph {\"fontSize\":\"normal\"} --><\/p>\n<h2 class=\"has-normal-font-size\"><a href=\"https:\/\/link.springer.com\/content\/pdf\/10.1007\/978-3-319-21326-2.pdf\"><span style=\"color: #000080;\">Discrete biochronological time scales<\/span><\/a> J Guex, F Galster, O Hammer. Springer International Publishing 2016, 160 pp.<\/h2>\n<p><!-- wp:paragraph {\"fontSize\":\"medium\"} --><\/p>\n<p class=\"has-medium-font-size\"><strong>Atlas<\/strong><\/p>\n<h2><a href=\"https:\/\/shop.swisstopo.admin.ch\/de\/karten\/geologische-karten\/erlaeuterungen-zum-geologischen-atlas-der-schweiz-25000\"><span style=\"color: #333399;\">Greina (LK 1233).<\/span><\/a> &#8211; Erl\u00e4uterungvon S. V\u00f6geli, F. Galster &amp; M. Wiederkehr, 2013. 177 pp<\/h2>\n<p><!-- \/wp:paragraph --><\/p>\n<p><!-- wp:paragraph {\"fontSize\":\"medium\"} --><\/p>\n<p class=\"has-medium-font-size\"><strong>Scientific articles<\/strong><\/p>\n<p><!-- \/wp:paragraph --><\/p>\n<p><!-- wp:paragraph --><\/p>\n<h2><span style=\"color: #000080;\"><a style=\"color: #000080;\" href=\"https:\/\/link.springer.com\/article\/10.1007\/s00531-020-01902-z\">The Gr\u00e8s Singuliers of the Mont Blanc region (France and Switzerland): stratigraphic response to rifting and crustal necking in the Alpine Tethys<\/a>.<\/span> C Ribes, JF Ghienne, G Manatschal, N Dall\u2019Asta, DF Stockli, F Galster. International Journal of Earth Sciences 2020, 109 (7), 2325-2352<\/h2>\n<p><!-- \/wp:paragraph --><\/p>\n<p><!-- wp:paragraph --><\/p>\n<h2><span style=\"color: #000080;\"><a style=\"color: #000080;\" href=\"https:\/\/pubs.geoscienceworld.org\/gsa\/gsabulletin\/article-abstract\/132\/7-8\/1427\/574934\">Tectono-sedimentary evolution of a fossil ocean-continent transition: Tasna nappe, central Alps (SE Switzerland)<\/a>.<\/span> C Ribes, B Petri, JF Ghienne, G Manatschal, F Galster, GD Karner. Bulletin 2020, 132 (7-8), 1427-1446<\/h2>\n<p><!-- \/wp:paragraph --><\/p>\n<p><!-- wp:paragraph --><\/p>\n<h2><span style=\"color: #000080;\"><a style=\"color: #000080;\" href=\"https:\/\/agupubs.onlinelibrary.wiley.com\/doi\/abs\/10.1029\/2019GC008185\">The Proto\u2010Zagros foreland basin in Lorestan, western Iran: Insights from multimineral detrital geothermochronometric and trace elemental provenance analysis<\/a>.<\/span> DE Barber, DF Stockli, F Galster. Geochemistry, Geophysics, Geosystems 2019, 20 (6), 2657-2680<\/h2>\n<p><!-- \/wp:paragraph --><\/p>\n<p><!-- wp:paragraph --><\/p>\n<h2><span style=\"color: #000080;\"><a style=\"color: #000080;\" href=\"https:\/\/link.springer.com\/article\/10.1007\/s00531-017-1465-x\">U\u2013Pb geochronology of the Sondalo gabbroic complex (Central Alps) and its position within the Permian post-Variscan extension<\/a>.<\/span> B Petri, G Mohn, E Skrzypek, T Mateeva, F Galster, G Manatschal. International Journal of Earth Sciences 2017, 106 (8), 2873-2893<\/h2>\n<p><!-- \/wp:paragraph --><\/p>\n<p><!-- wp:paragraph --><\/p>\n<h2><a href=\"http:\/\/paleopolis.rediris.es\/cg\/16\/01\/CG1601.pdf\"><span style=\"color: #000080;\">A simple technique to establish sequences of datums and to highlight transgressive\u2013regressive cycles<\/span><\/a>. J Guex, F Galster. Carnets de g\u00e9ologie 2016, 16(01), 1<\/h2>\n<p><!-- \/wp:paragraph --><\/p>\n<p><!-- wp:paragraph --><\/p>\n<h2><span style=\"color: #000080;\"><a style=\"color: #000080;\" href=\"https:\/\/www.sciencedirect.com\/science\/article\/pii\/S0040195112003216\">New stratigraphic data from the Lower Penninic between the Adula nappe and the Gotthard massif and consequences for the tectonics and the paleogeography of the Central Alps.<\/a><\/span> F Galster, M Cavargna-Sani, JL Epard, H Masson. Tectonophysics 2012, 579, 37-55<\/h2>\n<p><!-- \/wp:paragraph --><\/p>\n<p><!-- wp:paragraph --><\/p>\n<h2><span style=\"color: #000080;\"><a style=\"color: #000080;\" href=\"https:\/\/www.sciencedirect.com\/science\/article\/pii\/S0031018209005100\">Neogene biochronology of Antarctic diatoms: a comparison between two quantitative approaches, CONOP and UAgraph.<\/a><\/span> F Galster, J Guex, O Hammer. Palaeogeography, Palaeoclimatology, Palaeoecology 2010, 285 (3-4), 237-247<\/h2>\n<p><!-- \/wp:paragraph --><\/p>\n<p><!-- wp:paragraph --><\/p>\n<h2><span style=\"color: #000080;\"><a style=\"color: #000080;\" href=\"https:\/\/serval.unil.ch\/resource\/serval:BIB_8ECE9B0810F9.P001\/REF.pdf\">The Soja and Luzzone-Terri nappes: discovery of a Brian\u00e7onnais element below the front of the Adula nappe (NE Ticino, Central Alps).<\/a><\/span> F Galster, JL Epard, H Masson. Bulletin de la Soci\u00e9t\u00e9 vaudoise des Sciences naturelles 2010, 92, 61-75<\/h2>\n<p><!-- \/wp:paragraph --><\/p>\n<p><!-- wp:paragraph {\"fontSize\":\"medium\"} --><\/p>\n<p class=\"has-medium-font-size\"><strong>Symposium abstracts<\/strong><\/p>\n<p><!-- \/wp:paragraph --><\/p>\n<p><!-- wp:paragraph --><\/p>\n<p>Constraining the tectono-thermal evolution of the Egyptian Red Sea margin: linking observations from the proximal to the hyperextended rift domain SG Robbins, DF Stockli, W Bosworth, F Galster. AGU Fall Meeting Abstracts 2019, T33G-0451<\/p>\n<p><!-- \/wp:paragraph --><\/p>\n<p><!-- wp:paragraph --><\/p>\n<p>Isotopically Light Carbon (\u03b4<sup>13<\/sup>C -31 to -24 \u2030) in the Mantle by at Least 3.2 Ga: Insights from Carbonado Diamond SA Eckley, RA Ketcham, F Galster. AGU Fall Meeting Abstracts 2018, DI33B-0038<\/p>\n<p><!-- \/wp:paragraph --><\/p>\n<p><!-- wp:paragraph --><\/p>\n<p>Intra-grain Common Pb Correction and Detrital Apatite U-Pb Dating via LA-ICPMS Depth Profiling PD Boyd, F Galster, DF Stockli. AGU Fall Meeting Abstracts 2017, T11D-02<\/p>\n<p><!-- \/wp:paragraph --><\/p>\n<p><!-- wp:paragraph --><\/p>\n<p>Amphibole fractional crystallization and delamination in arc roots: Implications for theMissing&#8217;Nb reservoir in the earth F Galster, RN Chatterjee, DF Stockli. AGU Fall Meeting Abstracts 2017, T13C-0532<\/p>\n<p><!-- \/wp:paragraph --><\/p>\n<p><!-- wp:paragraph --><\/p>\n<p>INTEGRATING COMPLIMENTARY ACCESSORY PHASES (APATITE, RUTILE, ZIRCON) IN ISOTOPIC AND TRACE-ELEMENTAL PROVENANCE STUDIES: RECONSTRUCTING THE PROTO-ZAGROS OROGENY, NW IRAN DE Barber, DF Stockli, F Galster. GSA Annual Meeting in Seattle, Washington, USA-2017<\/p>\n<p><!-- \/wp:paragraph --><\/p>\n<p><!-- wp:paragraph --><\/p>\n<p>Intra-grain common Pb correction in apatite by LA-ICP-MS depth profiling and implications for detrital apatite U-Pb dating D Stockli, P Boyd, F Galster. EGU General Assembly Conference 2017 Abstracts, 12225<\/p>\n<p><!-- \/wp:paragraph --><\/p>\n<p><!-- wp:paragraph --><\/p>\n<p>The Origin of The Piz Terri-Lunschania zone (Central Alps, Switzerland) F Galster, D Stockli. EGU General Assembly Conference 2017 Abstracts, 11549<\/p>\n<p><!-- \/wp:paragraph --><\/p>\n<p><!-- wp:paragraph --><\/p>\n<p>Clastic Sediment Dispersal in Rifted Margins, an Example From the Swiss Alps F Galster, D Stockli. EGU General Assembly Conference 2017 Abstracts, 12228<\/p>\n<p><!-- \/wp:paragraph --><\/p>\n<p><!-- wp:paragraph --><\/p>\n<p>Alpine palaeogeography: New constraints from detrital zircon geochronology. F Galster, D Stockli. EGU General Assembly Conference 2017 Abstracts, 11754<\/p>\n<p><!-- \/wp:paragraph --><\/p>\n<p><!-- wp:paragraph --><\/p>\n<p>Timing and mechanisms of mafic magma ascent\/emplacement in the continental middle crust: an example from the Permian Sondalo gabbroic complex (Alps, N-Italy). B Petri, G Mohn, E Skrzypek, T Mateeva, F Galster, P Robion. EGU General Assembly Conference 2016 Abstracts, 8614<\/p>\n<p><!-- \/wp:paragraph --><\/p>\n<p><!-- wp:paragraph --><\/p>\n<p>New Stratigraphic data in and Around the Adula Nappe and Consequences for the Tectonics and the Paleogeography of the Central Alps. F Galster, M Cavargna-Sani, JL Epard, H Masson. CorseAlp2011<\/p>\n<p><!-- \/wp:paragraph --><\/p>\n<p><!-- wp:paragraph --><\/p>\n<p>The Soja and Luzzone nappes: discovery of a Brian\u00e7onnais element below the front of the Adula (NE Ticino, Central Alps). F Galster, JL Epard, H Masson. 8th Swiss Geosciences Meeting 2010<\/p>\n<p><!-- \/wp:paragraph --><\/p>\t\t\t\t\t\t<\/div>\n\t\t\t\t<\/div>\n\t\t\t\t\t<\/div>\n\t\t<\/div>\n\t\t\t\t\t<\/div>\n\t\t<\/section>\n\t\t\t\t<\/div>","protected":false},"excerpt":{"rendered":"<p>Libri Discrete biochronological time scales J Guex, F Galster, O Hammer. Springer International Publishing 2016, 160 pp. Atlas Greina (LK 1233). &#8211; Erl\u00e4uterungvon S. V\u00f6geli, F. Galster &amp; M. Wiederkehr, 2013. 177 pp Articoli scientifici The Gr\u00e8s Singuliers of the Mont Blanc region (France and Switzerland): stratigraphic response to rifting and crustal necking in the Alpine Tethys. C Ribes, JF&hellip;<\/p>","protected":false},"author":1,"featured_media":0,"parent":28931,"menu_order":0,"comment_status":"closed","ping_status":"closed","template":"","meta":{"om_disable_all_campaigns":false,"_monsterinsights_skip_tracking":false,"_monsterinsights_sitenote_active":false,"_monsterinsights_sitenote_note":"","_monsterinsights_sitenote_category":0,"_uf_show_specific_survey":0,"_uf_disable_surveys":false,"footnotes":""},"aioseo_notices":[],"_links":{"self":[{"href":"https:\/\/geostudio.ch\/en\/wp-json\/wp\/v2\/pages\/29046"}],"collection":[{"href":"https:\/\/geostudio.ch\/en\/wp-json\/wp\/v2\/pages"}],"about":[{"href":"https:\/\/geostudio.ch\/en\/wp-json\/wp\/v2\/types\/page"}],"author":[{"embeddable":true,"href":"https:\/\/geostudio.ch\/en\/wp-json\/wp\/v2\/users\/1"}],"replies":[{"embeddable":true,"href":"https:\/\/geostudio.ch\/en\/wp-json\/wp\/v2\/comments?post=29046"}],"version-history":[{"count":82,"href":"https:\/\/geostudio.ch\/en\/wp-json\/wp\/v2\/pages\/29046\/revisions"}],"predecessor-version":[{"id":30839,"href":"https:\/\/geostudio.ch\/en\/wp-json\/wp\/v2\/pages\/29046\/revisions\/30839"}],"up":[{"embeddable":true,"href":"https:\/\/geostudio.ch\/en\/wp-json\/wp\/v2\/pages\/28931"}],"wp:attachment":[{"href":"https:\/\/geostudio.ch\/en\/wp-json\/wp\/v2\/media?parent=29046"}],"curies":[{"name":"wp","href":"https:\/\/api.w.org\/{rel}","templated":true}]}}